{"id":245,"date":"2025-12-27T23:22:58","date_gmt":"2025-12-27T23:22:58","guid":{"rendered":"https:\/\/www.jpeuxpasjaiphoto.fr\/?page_id=245"},"modified":"2025-12-27T23:34:16","modified_gmt":"2025-12-27T23:34:16","slug":"actualites","status":"publish","type":"page","link":"https:\/\/www.jpeuxpasjaiphoto.fr\/index.php\/actualites\/","title":{"rendered":"Actualit\u00e9s"},"content":{"rendered":"\t\t<div data-elementor-type=\"wp-page\" data-elementor-id=\"245\" class=\"elementor elementor-245\" data-elementor-post-type=\"page\">\n\t\t\t\t<div class=\"elementor-element elementor-element-20c30ac9 e-flex e-con-boxed e-con e-parent\" data-id=\"20c30ac9\" data-element_type=\"container\" data-e-type=\"container\">\n\t\t\t\t\t<div class=\"e-con-inner\">\n\t\t<div class=\"elementor-element elementor-element-788d1a9d e-con-full e-flex e-con e-child\" data-id=\"788d1a9d\" data-element_type=\"container\" data-e-type=\"container\">\n\t\t\t\t<div class=\"elementor-element elementor-element-23d86acf elementor-widget elementor-widget-heading\" data-id=\"23d86acf\" data-element_type=\"widget\" data-e-type=\"widget\" data-widget_type=\"heading.default\">\n\t\t\t\t\t<h1 class=\"elementor-heading-title elementor-size-default\">Actualit\u00e9s<\/h1>\t\t\t\t<\/div>\n\t\t\t\t<div class=\"elementor-element elementor-element-6d5a0879 elementor-widget elementor-widget-text-editor\" data-id=\"6d5a0879\" data-element_type=\"widget\" data-e-type=\"widget\" data-widget_type=\"text-editor.default\">\n\t\t\t\t\t\t\t\t\t<p data-path-to-node=\"3\">Retrouvez ici toute l\u2019information essentielle du monde de l\u2019image. Nous suivons pour vous les derni\u00e8res annonces de l&rsquo;industrie pour vous tenir inform\u00e9s des nouveaut\u00e9s qui comptent.<\/p><p data-path-to-node=\"4\"><b data-path-to-node=\"4\" data-index-in-node=\"0\">Au programme :<\/b><\/p><ul data-path-to-node=\"5\"><li><p data-path-to-node=\"5,0,0\"><b data-path-to-node=\"5,0,0\" data-index-in-node=\"0\">Sorties mat\u00e9rielles :<\/b> Les lancements de bo\u00eetiers, d&rsquo;objectifs et d&rsquo;accessoires.<\/p><\/li><li><p data-path-to-node=\"5,1,0\"><b data-path-to-node=\"5,1,0\" data-index-in-node=\"0\">Mises \u00e0 jour :<\/b> Les \u00e9volutions techniques et logicielles majeures.<\/p><\/li><li><p data-path-to-node=\"5,2,0\"><b data-path-to-node=\"5,2,0\" data-index-in-node=\"0\">\u00c9v\u00e9nements :<\/b> Les expositions et rendez-vous incontournables de la sc\u00e8ne photo.<\/p><\/li><\/ul><p data-path-to-node=\"6\">Une veille concise et efficace pour rester connect\u00e9s \u00e0 votre passion, sans perdre de vue l&rsquo;essentiel : sortir faire des photos.<\/p>\t\t\t\t\t\t\t\t<\/div>\n\t\t\t\t<\/div>\n\t\t<div class=\"elementor-element elementor-element-3c377ae1 e-con-full e-flex e-con e-child\" data-id=\"3c377ae1\" data-element_type=\"container\" data-e-type=\"container\" data-settings=\"{&quot;background_background&quot;:&quot;classic&quot;,&quot;background_motion_fx_motion_fx_scrolling&quot;:&quot;yes&quot;,&quot;background_motion_fx_devices&quot;:[&quot;desktop&quot;,&quot;tablet&quot;,&quot;mobile&quot;]}\">\n\t\t\t\t<div class=\"elementor-element elementor-element-6261f2d elementor-widget elementor-widget-image\" data-id=\"6261f2d\" data-element_type=\"widget\" data-e-type=\"widget\" data-widget_type=\"image.default\">\n\t\t\t\t\t\t\t\t\t\t\t\t\t\t\t<img fetchpriority=\"high\" decoding=\"async\" width=\"800\" height=\"800\" src=\"https:\/\/www.jpeuxpasjaiphoto.fr\/wp-content\/uploads\/2025\/12\/world-photography-day-tshirt-design-1024x1024.jpg\" class=\"attachment-large size-large wp-image-251\" alt=\"\" srcset=\"https:\/\/www.jpeuxpasjaiphoto.fr\/wp-content\/uploads\/2025\/12\/world-photography-day-tshirt-design-1024x1024.jpg 1024w, https:\/\/www.jpeuxpasjaiphoto.fr\/wp-content\/uploads\/2025\/12\/world-photography-day-tshirt-design-300x300.jpg 300w, https:\/\/www.jpeuxpasjaiphoto.fr\/wp-content\/uploads\/2025\/12\/world-photography-day-tshirt-design-150x150.jpg 150w, https:\/\/www.jpeuxpasjaiphoto.fr\/wp-content\/uploads\/2025\/12\/world-photography-day-tshirt-design-768x768.jpg 768w, https:\/\/www.jpeuxpasjaiphoto.fr\/wp-content\/uploads\/2025\/12\/world-photography-day-tshirt-design-1536x1536.jpg 1536w, https:\/\/www.jpeuxpasjaiphoto.fr\/wp-content\/uploads\/2025\/12\/world-photography-day-tshirt-design-2048x2048.jpg 2048w\" sizes=\"(max-width: 800px) 100vw, 800px\" \/>\t\t\t\t\t\t\t\t\t\t\t\t\t\t\t<\/div>\n\t\t\t\t<\/div>\n\t\t\t\t\t<\/div>\n\t\t\t\t<\/div>\n\t\t<div class=\"elementor-element elementor-element-213aad83 e-flex e-con-boxed e-con e-parent\" data-id=\"213aad83\" data-element_type=\"container\" data-e-type=\"container\">\n\t\t\t\t\t<div class=\"e-con-inner\">\n\t\t\t\t<div class=\"elementor-element elementor-element-4074e41f elementor-posts__hover-none elementor-grid-3 elementor-grid-tablet-2 elementor-grid-mobile-1 elementor-posts--thumbnail-top elementor-widget elementor-widget-posts\" data-id=\"4074e41f\" data-element_type=\"widget\" data-e-type=\"widget\" data-settings=\"{&quot;cards_row_gap&quot;:{&quot;unit&quot;:&quot;px&quot;,&quot;size&quot;:80,&quot;sizes&quot;:[]},&quot;cards_row_gap_tablet&quot;:{&quot;unit&quot;:&quot;px&quot;,&quot;size&quot;:71,&quot;sizes&quot;:[]},&quot;cards_row_gap_mobile&quot;:{&quot;unit&quot;:&quot;px&quot;,&quot;size&quot;:30,&quot;sizes&quot;:[]},&quot;cards_columns&quot;:&quot;3&quot;,&quot;cards_columns_tablet&quot;:&quot;2&quot;,&quot;cards_columns_mobile&quot;:&quot;1&quot;}\" data-widget_type=\"posts.cards\">\n\t\t\t\t<div class=\"elementor-widget-container\">\n\t\t\t\t\t\t\t<div class=\"elementor-posts-container elementor-posts elementor-posts--skin-cards elementor-grid\" role=\"list\">\n\t\t\t\t<article class=\"elementor-post elementor-grid-item post-594 post type-post status-publish format-standard has-post-thumbnail hentry category-actualites\" role=\"listitem\">\n\t\t\t<div class=\"elementor-post__card\">\n\t\t\t\t<a class=\"elementor-post__thumbnail__link\" href=\"https:\/\/www.jpeuxpasjaiphoto.fr\/index.php\/2026\/01\/21\/quiz-dis-moi-comment-tu-shootes-je-te-dirai-quel-boitier-tu-es\/\" tabindex=\"-1\" ><div class=\"elementor-post__thumbnail\"><img decoding=\"async\" width=\"1918\" height=\"1017\" src=\"https:\/\/www.jpeuxpasjaiphoto.fr\/wp-content\/uploads\/2026\/01\/quel_appareil_pour_vous.jpg\" class=\"attachment-full size-full wp-image-599\" alt=\"\" srcset=\"https:\/\/www.jpeuxpasjaiphoto.fr\/wp-content\/uploads\/2026\/01\/quel_appareil_pour_vous.jpg 1918w, https:\/\/www.jpeuxpasjaiphoto.fr\/wp-content\/uploads\/2026\/01\/quel_appareil_pour_vous-226x120.jpg 226w, https:\/\/www.jpeuxpasjaiphoto.fr\/wp-content\/uploads\/2026\/01\/quel_appareil_pour_vous-1024x543.jpg 1024w, https:\/\/www.jpeuxpasjaiphoto.fr\/wp-content\/uploads\/2026\/01\/quel_appareil_pour_vous-768x407.jpg 768w, https:\/\/www.jpeuxpasjaiphoto.fr\/wp-content\/uploads\/2026\/01\/quel_appareil_pour_vous-1536x814.jpg 1536w\" sizes=\"(max-width: 1918px) 100vw, 1918px\" \/><\/div><\/a>\n\t\t\t\t<div class=\"elementor-post__text\">\n\t\t\t\t<h4 class=\"elementor-post__title\">\n\t\t\t<a href=\"https:\/\/www.jpeuxpasjaiphoto.fr\/index.php\/2026\/01\/21\/quiz-dis-moi-comment-tu-shootes-je-te-dirai-quel-boitier-tu-es\/\" >\n\t\t\t\tQUIZ : Dis-moi comment tu shootes, je te dirai quel bo\u00eetier tu es\t\t\t<\/a>\n\t\t<\/h4>\n\t\t\n\t\t<a class=\"elementor-post__read-more\" href=\"https:\/\/www.jpeuxpasjaiphoto.fr\/index.php\/2026\/01\/21\/quiz-dis-moi-comment-tu-shootes-je-te-dirai-quel-boitier-tu-es\/\" aria-label=\"En savoir plus sur QUIZ : Dis-moi comment tu shootes, je te dirai quel bo\u00eetier tu es\" tabindex=\"-1\" >\n\t\t\tLire l'article\t\t<\/a>\n\n\t\t\t\t<\/div>\n\t\t\t\t\t<\/div>\n\t\t<\/article>\n\t\t\t\t<article class=\"elementor-post elementor-grid-item post-286 post type-post status-publish format-standard has-post-thumbnail hentry category-actualites category-test\" role=\"listitem\">\n\t\t\t<div class=\"elementor-post__card\">\n\t\t\t\t<a class=\"elementor-post__thumbnail__link\" href=\"https:\/\/www.jpeuxpasjaiphoto.fr\/index.php\/2025\/12\/28\/test-du-campsnap-quand-lappareil-jetable-devient-numerique\/\" tabindex=\"-1\" ><div class=\"elementor-post__thumbnail\"><img decoding=\"async\" width=\"1918\" height=\"1017\" src=\"https:\/\/www.jpeuxpasjaiphoto.fr\/wp-content\/uploads\/2025\/12\/test_camp_snap.jpg\" class=\"attachment-full size-full wp-image-600\" alt=\"\" srcset=\"https:\/\/www.jpeuxpasjaiphoto.fr\/wp-content\/uploads\/2025\/12\/test_camp_snap.jpg 1918w, https:\/\/www.jpeuxpasjaiphoto.fr\/wp-content\/uploads\/2025\/12\/test_camp_snap-226x120.jpg 226w, https:\/\/www.jpeuxpasjaiphoto.fr\/wp-content\/uploads\/2025\/12\/test_camp_snap-1024x543.jpg 1024w, https:\/\/www.jpeuxpasjaiphoto.fr\/wp-content\/uploads\/2025\/12\/test_camp_snap-768x407.jpg 768w, https:\/\/www.jpeuxpasjaiphoto.fr\/wp-content\/uploads\/2025\/12\/test_camp_snap-1536x814.jpg 1536w\" sizes=\"(max-width: 1918px) 100vw, 1918px\" \/><\/div><\/a>\n\t\t\t\t<div class=\"elementor-post__text\">\n\t\t\t\t<h4 class=\"elementor-post__title\">\n\t\t\t<a href=\"https:\/\/www.jpeuxpasjaiphoto.fr\/index.php\/2025\/12\/28\/test-du-campsnap-quand-lappareil-jetable-devient-numerique\/\" >\n\t\t\t\tTest du CampSnap : quand l\u2019appareil jetable devient num\u00e9rique\t\t\t<\/a>\n\t\t<\/h4>\n\t\t\n\t\t<a class=\"elementor-post__read-more\" href=\"https:\/\/www.jpeuxpasjaiphoto.fr\/index.php\/2025\/12\/28\/test-du-campsnap-quand-lappareil-jetable-devient-numerique\/\" aria-label=\"En savoir plus sur Test du CampSnap : quand l\u2019appareil jetable devient num\u00e9rique\" tabindex=\"-1\" >\n\t\t\tLire l'article\t\t<\/a>\n\n\t\t\t\t<\/div>\n\t\t\t\t\t<\/div>\n\t\t<\/article>\n\t\t\t\t<article class=\"elementor-post elementor-grid-item post-213 post type-post status-publish format-standard has-post-thumbnail hentry category-actualites\" role=\"listitem\">\n\t\t\t<div class=\"elementor-post__card\">\n\t\t\t\t<a class=\"elementor-post__thumbnail__link\" href=\"https:\/\/www.jpeuxpasjaiphoto.fr\/index.php\/2025\/12\/27\/lastrobjectif-votre-horoscope-photo-2026\/\" tabindex=\"-1\" ><div class=\"elementor-post__thumbnail\"><img loading=\"lazy\" decoding=\"async\" width=\"1918\" height=\"1017\" src=\"https:\/\/www.jpeuxpasjaiphoto.fr\/wp-content\/uploads\/2025\/12\/horoscope-photo-2026.png\" class=\"attachment-full size-full wp-image-480\" alt=\"\" srcset=\"https:\/\/www.jpeuxpasjaiphoto.fr\/wp-content\/uploads\/2025\/12\/horoscope-photo-2026.png 1918w, https:\/\/www.jpeuxpasjaiphoto.fr\/wp-content\/uploads\/2025\/12\/horoscope-photo-2026-226x120.png 226w, https:\/\/www.jpeuxpasjaiphoto.fr\/wp-content\/uploads\/2025\/12\/horoscope-photo-2026-1024x543.png 1024w, https:\/\/www.jpeuxpasjaiphoto.fr\/wp-content\/uploads\/2025\/12\/horoscope-photo-2026-768x407.png 768w, https:\/\/www.jpeuxpasjaiphoto.fr\/wp-content\/uploads\/2025\/12\/horoscope-photo-2026-1536x814.png 1536w\" sizes=\"(max-width: 1918px) 100vw, 1918px\" \/><\/div><\/a>\n\t\t\t\t<div class=\"elementor-post__text\">\n\t\t\t\t<h4 class=\"elementor-post__title\">\n\t\t\t<a href=\"https:\/\/www.jpeuxpasjaiphoto.fr\/index.php\/2025\/12\/27\/lastrobjectif-votre-horoscope-photo-2026\/\" >\n\t\t\t\tL\u2019Astr&rsquo;objectif : Votre Horoscope Photo 2026\t\t\t<\/a>\n\t\t<\/h4>\n\t\t\n\t\t<a class=\"elementor-post__read-more\" href=\"https:\/\/www.jpeuxpasjaiphoto.fr\/index.php\/2025\/12\/27\/lastrobjectif-votre-horoscope-photo-2026\/\" aria-label=\"En savoir plus sur L\u2019Astr&rsquo;objectif : Votre Horoscope Photo 2026\" tabindex=\"-1\" >\n\t\t\tLire l'article\t\t<\/a>\n\n\t\t\t\t<\/div>\n\t\t\t\t\t<\/div>\n\t\t<\/article>\n\t\t\t\t<article class=\"elementor-post elementor-grid-item post-72 post type-post status-publish format-standard has-post-thumbnail hentry category-a-la-une category-actualites\" role=\"listitem\">\n\t\t\t<div class=\"elementor-post__card\">\n\t\t\t\t<a class=\"elementor-post__thumbnail__link\" href=\"https:\/\/www.jpeuxpasjaiphoto.fr\/index.php\/2025\/12\/11\/blog-post-title-4\/\" tabindex=\"-1\" ><div class=\"elementor-post__thumbnail\"><img loading=\"lazy\" decoding=\"async\" width=\"1920\" height=\"960\" src=\"https:\/\/www.jpeuxpasjaiphoto.fr\/wp-content\/uploads\/2025\/12\/mort-martin-parr-Fabrizio_Spucches_Collection_Martin_Parr-Magnum_Photos.jpg\" class=\"attachment-full size-full wp-image-111\" alt=\"\" srcset=\"https:\/\/www.jpeuxpasjaiphoto.fr\/wp-content\/uploads\/2025\/12\/mort-martin-parr-Fabrizio_Spucches_Collection_Martin_Parr-Magnum_Photos.jpg 1920w, https:\/\/www.jpeuxpasjaiphoto.fr\/wp-content\/uploads\/2025\/12\/mort-martin-parr-Fabrizio_Spucches_Collection_Martin_Parr-Magnum_Photos-300x150.jpg 300w, https:\/\/www.jpeuxpasjaiphoto.fr\/wp-content\/uploads\/2025\/12\/mort-martin-parr-Fabrizio_Spucches_Collection_Martin_Parr-Magnum_Photos-1024x512.jpg 1024w, https:\/\/www.jpeuxpasjaiphoto.fr\/wp-content\/uploads\/2025\/12\/mort-martin-parr-Fabrizio_Spucches_Collection_Martin_Parr-Magnum_Photos-768x384.jpg 768w, https:\/\/www.jpeuxpasjaiphoto.fr\/wp-content\/uploads\/2025\/12\/mort-martin-parr-Fabrizio_Spucches_Collection_Martin_Parr-Magnum_Photos-1536x768.jpg 1536w\" sizes=\"(max-width: 1920px) 100vw, 1920px\" \/><\/div><\/a>\n\t\t\t\t<div class=\"elementor-post__text\">\n\t\t\t\t<h4 class=\"elementor-post__title\">\n\t\t\t<a href=\"https:\/\/www.jpeuxpasjaiphoto.fr\/index.php\/2025\/12\/11\/blog-post-title-4\/\" >\n\t\t\t\tDisparition de Martin Parr, ma\u00eetre de la couleur et du regard ironique\t\t\t<\/a>\n\t\t<\/h4>\n\t\t\n\t\t<a class=\"elementor-post__read-more\" href=\"https:\/\/www.jpeuxpasjaiphoto.fr\/index.php\/2025\/12\/11\/blog-post-title-4\/\" aria-label=\"En savoir plus sur Disparition de Martin Parr, ma\u00eetre de la couleur et du regard ironique\" tabindex=\"-1\" >\n\t\t\tLire l'article\t\t<\/a>\n\n\t\t\t\t<\/div>\n\t\t\t\t\t<\/div>\n\t\t<\/article>\n\t\t\t\t<article class=\"elementor-post elementor-grid-item post-222 post type-post status-publish format-standard has-post-thumbnail hentry category-actualites\" role=\"listitem\">\n\t\t\t<div class=\"elementor-post__card\">\n\t\t\t\t<a class=\"elementor-post__thumbnail__link\" href=\"https:\/\/www.jpeuxpasjaiphoto.fr\/index.php\/2025\/12\/10\/lancement-du-site-jpeux-pas-jai-photo\/\" tabindex=\"-1\" ><div class=\"elementor-post__thumbnail\"><img loading=\"lazy\" decoding=\"async\" width=\"1918\" height=\"1017\" src=\"https:\/\/www.jpeuxpasjaiphoto.fr\/wp-content\/uploads\/2025\/12\/Capture-decran-2025-12-27-235947.png\" class=\"attachment-full size-full wp-image-228\" alt=\"\" srcset=\"https:\/\/www.jpeuxpasjaiphoto.fr\/wp-content\/uploads\/2025\/12\/Capture-decran-2025-12-27-235947.png 1918w, https:\/\/www.jpeuxpasjaiphoto.fr\/wp-content\/uploads\/2025\/12\/Capture-decran-2025-12-27-235947-300x159.png 300w, https:\/\/www.jpeuxpasjaiphoto.fr\/wp-content\/uploads\/2025\/12\/Capture-decran-2025-12-27-235947-1024x543.png 1024w, https:\/\/www.jpeuxpasjaiphoto.fr\/wp-content\/uploads\/2025\/12\/Capture-decran-2025-12-27-235947-768x407.png 768w, https:\/\/www.jpeuxpasjaiphoto.fr\/wp-content\/uploads\/2025\/12\/Capture-decran-2025-12-27-235947-1536x814.png 1536w\" sizes=\"(max-width: 1918px) 100vw, 1918px\" \/><\/div><\/a>\n\t\t\t\t<div class=\"elementor-post__text\">\n\t\t\t\t<h4 class=\"elementor-post__title\">\n\t\t\t<a href=\"https:\/\/www.jpeuxpasjaiphoto.fr\/index.php\/2025\/12\/10\/lancement-du-site-jpeux-pas-jai-photo\/\" >\n\t\t\t\tLancement du site : J\u2019peux pas, j\u2019ai photo\t\t\t<\/a>\n\t\t<\/h4>\n\t\t\n\t\t<a class=\"elementor-post__read-more\" href=\"https:\/\/www.jpeuxpasjaiphoto.fr\/index.php\/2025\/12\/10\/lancement-du-site-jpeux-pas-jai-photo\/\" aria-label=\"En savoir plus sur Lancement du site : J\u2019peux pas, j\u2019ai photo\" tabindex=\"-1\" >\n\t\t\tLire l'article\t\t<\/a>\n\n\t\t\t\t<\/div>\n\t\t\t\t\t<\/div>\n\t\t<\/article>\n\t\t\t\t<\/div>\n\t\t\n\t\t\t\t\t\t<\/div>\n\t\t\t\t<\/div>\n\t\t\t\t\t<\/div>\n\t\t\t\t<\/div>\n\t\t\t\t<\/div>\n\t\t","protected":false},"excerpt":{"rendered":"<p>Actualit\u00e9s Retrouvez ici toute l\u2019information essentielle du monde de l\u2019image. Nous suivons pour vous les derni\u00e8res annonces de l&rsquo;industrie pour<\/p>\n","protected":false},"author":1,"featured_media":66,"parent":0,"menu_order":0,"comment_status":"closed","ping_status":"closed","template":"elementor_header_footer","meta":{"footnotes":""},"class_list":["post-245","page","type-page","status-publish","has-post-thumbnail","hentry"],"_links":{"self":[{"href":"https:\/\/www.jpeuxpasjaiphoto.fr\/index.php\/wp-json\/wp\/v2\/pages\/245","targetHints":{"allow":["GET"]}}],"collection":[{"href":"https:\/\/www.jpeuxpasjaiphoto.fr\/index.php\/wp-json\/wp\/v2\/pages"}],"about":[{"href":"https:\/\/www.jpeuxpasjaiphoto.fr\/index.php\/wp-json\/wp\/v2\/types\/page"}],"author":[{"embeddable":true,"href":"https:\/\/www.jpeuxpasjaiphoto.fr\/index.php\/wp-json\/wp\/v2\/users\/1"}],"replies":[{"embeddable":true,"href":"https:\/\/www.jpeuxpasjaiphoto.fr\/index.php\/wp-json\/wp\/v2\/comments?post=245"}],"version-history":[{"count":13,"href":"https:\/\/www.jpeuxpasjaiphoto.fr\/index.php\/wp-json\/wp\/v2\/pages\/245\/revisions"}],"predecessor-version":[{"id":260,"href":"https:\/\/www.jpeuxpasjaiphoto.fr\/index.php\/wp-json\/wp\/v2\/pages\/245\/revisions\/260"}],"wp:featuredmedia":[{"embeddable":true,"href":"https:\/\/www.jpeuxpasjaiphoto.fr\/index.php\/wp-json\/wp\/v2\/media\/66"}],"wp:attachment":[{"href":"https:\/\/www.jpeuxpasjaiphoto.fr\/index.php\/wp-json\/wp\/v2\/media?parent=245"}],"curies":[{"name":"wp","href":"https:\/\/api.w.org\/{rel}","templated":true}]}}