{"id":62,"date":"2025-12-11T15:11:46","date_gmt":"2025-12-11T15:11:46","guid":{"rendered":"https:\/\/www.jpeuxpasjaiphoto.fr\/index.php\/about\/"},"modified":"2026-01-03T21:38:05","modified_gmt":"2026-01-03T21:38:05","slug":"about","status":"publish","type":"page","link":"https:\/\/www.jpeuxpasjaiphoto.fr\/index.php\/about\/","title":{"rendered":"About"},"content":{"rendered":"\t\t<div data-elementor-type=\"wp-page\" data-elementor-id=\"62\" class=\"elementor elementor-62\" data-elementor-post-type=\"page\">\n\t\t\t\t<div class=\"elementor-element elementor-element-20c30ac9 e-flex e-con-boxed e-con e-parent\" data-id=\"20c30ac9\" data-element_type=\"container\" data-e-type=\"container\">\n\t\t\t\t\t<div class=\"e-con-inner\">\n\t\t<div class=\"elementor-element elementor-element-788d1a9d e-con-full e-flex e-con e-child\" data-id=\"788d1a9d\" data-element_type=\"container\" data-e-type=\"container\">\n\t\t\t\t<div class=\"elementor-element elementor-element-23d86acf elementor-widget elementor-widget-heading\" data-id=\"23d86acf\" data-element_type=\"widget\" data-e-type=\"widget\" data-widget_type=\"heading.default\">\n\t\t\t\t\t<h1 class=\"elementor-heading-title elementor-size-default\">Qui sommes nous<\/h1>\t\t\t\t<\/div>\n\t\t\t\t<div class=\"elementor-element elementor-element-6d5a0879 elementor-widget elementor-widget-text-editor\" data-id=\"6d5a0879\" data-element_type=\"widget\" data-e-type=\"widget\" data-widget_type=\"text-editor.default\">\n\t\t\t\t\t\t\t\t\t<p>Passionn\u00e9s de photographie, amateurs de culture photo et membres d\u2019un club, nous avons d\u00e9cid\u00e9 de partager notre passion sans prise de t\u00eate et sans nous prendre trop au s\u00e9rieux.<br \/>Ici, on parle photo avec envie, curiosit\u00e9 et bonne humeur.<br \/>Vous y d\u00e9couvrirez des photographes inspirants, des actualit\u00e9s, des tips, des tests, et plein d\u2019autres choses sympas autour de la photographie.<br \/>Un espace fait pour \u00e9changer, apprendre, s\u2019inspirer\u2026 et surtout prendre du plaisir.<\/p>\t\t\t\t\t\t\t\t<\/div>\n\t\t\t\t<\/div>\n\t\t<div class=\"elementor-element elementor-element-3c377ae1 e-con-full e-flex e-con e-child\" data-id=\"3c377ae1\" data-element_type=\"container\" data-e-type=\"container\" data-settings=\"{&quot;background_background&quot;:&quot;classic&quot;,&quot;background_motion_fx_motion_fx_scrolling&quot;:&quot;yes&quot;,&quot;background_motion_fx_devices&quot;:[&quot;desktop&quot;,&quot;tablet&quot;,&quot;mobile&quot;]}\">\n\t\t\t\t<div class=\"elementor-element elementor-element-92b9013 elementor-widget elementor-widget-image\" data-id=\"92b9013\" data-element_type=\"widget\" data-e-type=\"widget\" data-widget_type=\"image.default\">\n\t\t\t\t\t\t\t\t\t\t\t\t\t\t\t<img fetchpriority=\"high\" decoding=\"async\" width=\"800\" height=\"483\" src=\"https:\/\/www.jpeuxpasjaiphoto.fr\/wp-content\/uploads\/2025\/12\/jpeuxpas-seul-1024x618.png\" class=\"attachment-large size-large wp-image-9\" alt=\"\" srcset=\"https:\/\/www.jpeuxpasjaiphoto.fr\/wp-content\/uploads\/2025\/12\/jpeuxpas-seul-1024x618.png 1024w, https:\/\/www.jpeuxpasjaiphoto.fr\/wp-content\/uploads\/2025\/12\/jpeuxpas-seul-300x181.png 300w, https:\/\/www.jpeuxpasjaiphoto.fr\/wp-content\/uploads\/2025\/12\/jpeuxpas-seul-768x463.png 768w, https:\/\/www.jpeuxpasjaiphoto.fr\/wp-content\/uploads\/2025\/12\/jpeuxpas-seul-1536x926.png 1536w, https:\/\/www.jpeuxpasjaiphoto.fr\/wp-content\/uploads\/2025\/12\/jpeuxpas-seul-2048x1235.png 2048w\" sizes=\"(max-width: 800px) 100vw, 800px\" \/>\t\t\t\t\t\t\t\t\t\t\t\t\t\t\t<\/div>\n\t\t\t\t<\/div>\n\t\t\t\t\t<\/div>\n\t\t\t\t<\/div>\n\t\t<div class=\"elementor-element elementor-element-213aad83 e-flex e-con-boxed e-con e-parent\" data-id=\"213aad83\" data-element_type=\"container\" data-e-type=\"container\">\n\t\t\t\t\t<div class=\"e-con-inner\">\n\t\t\t\t<div class=\"elementor-element elementor-element-7f405985 elementor-widget elementor-widget-heading\" data-id=\"7f405985\" data-element_type=\"widget\" data-e-type=\"widget\" data-widget_type=\"heading.default\">\n\t\t\t\t\t<h2 class=\"elementor-heading-title elementor-size-default\">Actualit\u00e9s r\u00e9centes<\/h2>\t\t\t\t<\/div>\n\t\t\t\t<div class=\"elementor-element elementor-element-4074e41f elementor-posts__hover-none elementor-grid-4 elementor-grid-tablet-2 elementor-grid-mobile-1 elementor-posts--thumbnail-top elementor-widget elementor-widget-posts\" data-id=\"4074e41f\" data-element_type=\"widget\" data-e-type=\"widget\" data-settings=\"{&quot;cards_row_gap&quot;:{&quot;unit&quot;:&quot;px&quot;,&quot;size&quot;:80,&quot;sizes&quot;:[]},&quot;cards_row_gap_tablet&quot;:{&quot;unit&quot;:&quot;px&quot;,&quot;size&quot;:71,&quot;sizes&quot;:[]},&quot;cards_row_gap_mobile&quot;:{&quot;unit&quot;:&quot;px&quot;,&quot;size&quot;:30,&quot;sizes&quot;:[]},&quot;cards_columns&quot;:&quot;4&quot;,&quot;cards_columns_tablet&quot;:&quot;2&quot;,&quot;cards_columns_mobile&quot;:&quot;1&quot;}\" data-widget_type=\"posts.cards\">\n\t\t\t\t<div class=\"elementor-widget-container\">\n\t\t\t\t\t\t\t<div class=\"elementor-posts-container elementor-posts elementor-posts--skin-cards elementor-grid\" role=\"list\">\n\t\t\t\t<article class=\"elementor-post elementor-grid-item post-594 post type-post status-publish format-standard has-post-thumbnail hentry category-actualites\" role=\"listitem\">\n\t\t\t<div class=\"elementor-post__card\">\n\t\t\t\t<a class=\"elementor-post__thumbnail__link\" href=\"https:\/\/www.jpeuxpasjaiphoto.fr\/index.php\/2026\/01\/21\/quiz-dis-moi-comment-tu-shootes-je-te-dirai-quel-boitier-tu-es\/\" tabindex=\"-1\" ><div class=\"elementor-post__thumbnail\"><img decoding=\"async\" width=\"1918\" height=\"1017\" src=\"https:\/\/www.jpeuxpasjaiphoto.fr\/wp-content\/uploads\/2026\/01\/quel_appareil_pour_vous.jpg\" class=\"attachment-full size-full wp-image-599\" alt=\"\" srcset=\"https:\/\/www.jpeuxpasjaiphoto.fr\/wp-content\/uploads\/2026\/01\/quel_appareil_pour_vous.jpg 1918w, https:\/\/www.jpeuxpasjaiphoto.fr\/wp-content\/uploads\/2026\/01\/quel_appareil_pour_vous-226x120.jpg 226w, https:\/\/www.jpeuxpasjaiphoto.fr\/wp-content\/uploads\/2026\/01\/quel_appareil_pour_vous-1024x543.jpg 1024w, https:\/\/www.jpeuxpasjaiphoto.fr\/wp-content\/uploads\/2026\/01\/quel_appareil_pour_vous-768x407.jpg 768w, https:\/\/www.jpeuxpasjaiphoto.fr\/wp-content\/uploads\/2026\/01\/quel_appareil_pour_vous-1536x814.jpg 1536w\" sizes=\"(max-width: 1918px) 100vw, 1918px\" \/><\/div><\/a>\n\t\t\t\t<div class=\"elementor-post__text\">\n\t\t\t\t<h4 class=\"elementor-post__title\">\n\t\t\t<a href=\"https:\/\/www.jpeuxpasjaiphoto.fr\/index.php\/2026\/01\/21\/quiz-dis-moi-comment-tu-shootes-je-te-dirai-quel-boitier-tu-es\/\" >\n\t\t\t\tQUIZ : Dis-moi comment tu shootes, je te dirai quel bo\u00eetier tu es\t\t\t<\/a>\n\t\t<\/h4>\n\t\t\t\t<\/div>\n\t\t\t\t\t<\/div>\n\t\t<\/article>\n\t\t\t\t<article class=\"elementor-post elementor-grid-item post-531 post type-post status-publish format-standard has-post-thumbnail hentry category-culture-photo\" role=\"listitem\">\n\t\t\t<div class=\"elementor-post__card\">\n\t\t\t\t<a class=\"elementor-post__thumbnail__link\" href=\"https:\/\/www.jpeuxpasjaiphoto.fr\/index.php\/2026\/01\/07\/cafoucho-le-joyeux-bordel-visuel-de-boby\/\" tabindex=\"-1\" ><div class=\"elementor-post__thumbnail\"><img decoding=\"async\" width=\"1536\" height=\"1024\" src=\"https:\/\/www.jpeuxpasjaiphoto.fr\/wp-content\/uploads\/2026\/01\/cafoucho-boby-livre-1.jpg\" class=\"attachment-full size-full wp-image-546\" alt=\"\" srcset=\"https:\/\/www.jpeuxpasjaiphoto.fr\/wp-content\/uploads\/2026\/01\/cafoucho-boby-livre-1.jpg 1536w, https:\/\/www.jpeuxpasjaiphoto.fr\/wp-content\/uploads\/2026\/01\/cafoucho-boby-livre-1-180x120.jpg 180w, https:\/\/www.jpeuxpasjaiphoto.fr\/wp-content\/uploads\/2026\/01\/cafoucho-boby-livre-1-1024x683.jpg 1024w, https:\/\/www.jpeuxpasjaiphoto.fr\/wp-content\/uploads\/2026\/01\/cafoucho-boby-livre-1-768x512.jpg 768w\" sizes=\"(max-width: 1536px) 100vw, 1536px\" \/><\/div><\/a>\n\t\t\t\t<div class=\"elementor-post__text\">\n\t\t\t\t<h4 class=\"elementor-post__title\">\n\t\t\t<a href=\"https:\/\/www.jpeuxpasjaiphoto.fr\/index.php\/2026\/01\/07\/cafoucho-le-joyeux-bordel-visuel-de-boby\/\" >\n\t\t\t\t\u00ab Cafoucho \u00bb de Boby : Un joyeux bordel photographique\t\t\t<\/a>\n\t\t<\/h4>\n\t\t\t\t<\/div>\n\t\t\t\t\t<\/div>\n\t\t<\/article>\n\t\t\t\t<article class=\"elementor-post elementor-grid-item post-425 post type-post status-publish format-standard has-post-thumbnail hentry category-culture-photo\" role=\"listitem\">\n\t\t\t<div class=\"elementor-post__card\">\n\t\t\t\t<a class=\"elementor-post__thumbnail__link\" href=\"https:\/\/www.jpeuxpasjaiphoto.fr\/index.php\/2026\/01\/01\/tumur-dalex-dinaut-quand-le-fer-forge-lame-et-limage\/\" tabindex=\"-1\" ><div class=\"elementor-post__thumbnail\"><img loading=\"lazy\" decoding=\"async\" width=\"1536\" height=\"1024\" src=\"https:\/\/www.jpeuxpasjaiphoto.fr\/wp-content\/uploads\/2026\/01\/Tumur-alex-dinaut.png\" class=\"attachment-full size-full wp-image-525\" alt=\"\" srcset=\"https:\/\/www.jpeuxpasjaiphoto.fr\/wp-content\/uploads\/2026\/01\/Tumur-alex-dinaut.png 1536w, https:\/\/www.jpeuxpasjaiphoto.fr\/wp-content\/uploads\/2026\/01\/Tumur-alex-dinaut-180x120.png 180w, https:\/\/www.jpeuxpasjaiphoto.fr\/wp-content\/uploads\/2026\/01\/Tumur-alex-dinaut-1024x683.png 1024w, https:\/\/www.jpeuxpasjaiphoto.fr\/wp-content\/uploads\/2026\/01\/Tumur-alex-dinaut-768x512.png 768w\" sizes=\"(max-width: 1536px) 100vw, 1536px\" \/><\/div><\/a>\n\t\t\t\t<div class=\"elementor-post__text\">\n\t\t\t\t<h4 class=\"elementor-post__title\">\n\t\t\t<a href=\"https:\/\/www.jpeuxpasjaiphoto.fr\/index.php\/2026\/01\/01\/tumur-dalex-dinaut-quand-le-fer-forge-lame-et-limage\/\" >\n\t\t\t\tTUMUR d\u2019Alex Dinaut : Quand le fer forge l&rsquo;\u00e2me et l&rsquo;image\t\t\t<\/a>\n\t\t<\/h4>\n\t\t\t\t<\/div>\n\t\t\t\t\t<\/div>\n\t\t<\/article>\n\t\t\t\t<article class=\"elementor-post elementor-grid-item post-286 post type-post status-publish format-standard has-post-thumbnail hentry category-actualites category-test\" role=\"listitem\">\n\t\t\t<div class=\"elementor-post__card\">\n\t\t\t\t<a class=\"elementor-post__thumbnail__link\" href=\"https:\/\/www.jpeuxpasjaiphoto.fr\/index.php\/2025\/12\/28\/test-du-campsnap-quand-lappareil-jetable-devient-numerique\/\" tabindex=\"-1\" ><div class=\"elementor-post__thumbnail\"><img loading=\"lazy\" decoding=\"async\" width=\"1918\" height=\"1017\" src=\"https:\/\/www.jpeuxpasjaiphoto.fr\/wp-content\/uploads\/2025\/12\/test_camp_snap.jpg\" class=\"attachment-full size-full wp-image-600\" alt=\"\" srcset=\"https:\/\/www.jpeuxpasjaiphoto.fr\/wp-content\/uploads\/2025\/12\/test_camp_snap.jpg 1918w, https:\/\/www.jpeuxpasjaiphoto.fr\/wp-content\/uploads\/2025\/12\/test_camp_snap-226x120.jpg 226w, https:\/\/www.jpeuxpasjaiphoto.fr\/wp-content\/uploads\/2025\/12\/test_camp_snap-1024x543.jpg 1024w, https:\/\/www.jpeuxpasjaiphoto.fr\/wp-content\/uploads\/2025\/12\/test_camp_snap-768x407.jpg 768w, https:\/\/www.jpeuxpasjaiphoto.fr\/wp-content\/uploads\/2025\/12\/test_camp_snap-1536x814.jpg 1536w\" sizes=\"(max-width: 1918px) 100vw, 1918px\" \/><\/div><\/a>\n\t\t\t\t<div class=\"elementor-post__text\">\n\t\t\t\t<h4 class=\"elementor-post__title\">\n\t\t\t<a href=\"https:\/\/www.jpeuxpasjaiphoto.fr\/index.php\/2025\/12\/28\/test-du-campsnap-quand-lappareil-jetable-devient-numerique\/\" >\n\t\t\t\tTest du CampSnap : quand l\u2019appareil jetable devient num\u00e9rique\t\t\t<\/a>\n\t\t<\/h4>\n\t\t\t\t<\/div>\n\t\t\t\t\t<\/div>\n\t\t<\/article>\n\t\t\t\t<\/div>\n\t\t\n\t\t\t\t\t\t<\/div>\n\t\t\t\t<\/div>\n\t\t\t\t\t<\/div>\n\t\t\t\t<\/div>\n\t\t\t\t<\/div>\n\t\t","protected":false},"excerpt":{"rendered":"<p>Qui sommes nous Passionn\u00e9s de photographie, amateurs de culture photo et membres d\u2019un club, nous avons d\u00e9cid\u00e9 de partager notre<\/p>\n","protected":false},"author":1,"featured_media":66,"parent":0,"menu_order":0,"comment_status":"closed","ping_status":"closed","template":"elementor_header_footer","meta":{"footnotes":""},"class_list":["post-62","page","type-page","status-publish","has-post-thumbnail","hentry"],"_links":{"self":[{"href":"https:\/\/www.jpeuxpasjaiphoto.fr\/index.php\/wp-json\/wp\/v2\/pages\/62","targetHints":{"allow":["GET"]}}],"collection":[{"href":"https:\/\/www.jpeuxpasjaiphoto.fr\/index.php\/wp-json\/wp\/v2\/pages"}],"about":[{"href":"https:\/\/www.jpeuxpasjaiphoto.fr\/index.php\/wp-json\/wp\/v2\/types\/page"}],"author":[{"embeddable":true,"href":"https:\/\/www.jpeuxpasjaiphoto.fr\/index.php\/wp-json\/wp\/v2\/users\/1"}],"replies":[{"embeddable":true,"href":"https:\/\/www.jpeuxpasjaiphoto.fr\/index.php\/wp-json\/wp\/v2\/comments?post=62"}],"version-history":[{"count":19,"href":"https:\/\/www.jpeuxpasjaiphoto.fr\/index.php\/wp-json\/wp\/v2\/pages\/62\/revisions"}],"predecessor-version":[{"id":452,"href":"https:\/\/www.jpeuxpasjaiphoto.fr\/index.php\/wp-json\/wp\/v2\/pages\/62\/revisions\/452"}],"wp:featuredmedia":[{"embeddable":true,"href":"https:\/\/www.jpeuxpasjaiphoto.fr\/index.php\/wp-json\/wp\/v2\/media\/66"}],"wp:attachment":[{"href":"https:\/\/www.jpeuxpasjaiphoto.fr\/index.php\/wp-json\/wp\/v2\/media?parent=62"}],"curies":[{"name":"wp","href":"https:\/\/api.w.org\/{rel}","templated":true}]}}